{"id":508,"date":"2021-03-30T16:52:48","date_gmt":"2021-03-30T19:52:48","guid":{"rendered":"https:\/\/nexconn.com.br\/?page_id=508"},"modified":"2021-08-06T16:40:48","modified_gmt":"2021-08-06T19:40:48","slug":"institucional","status":"publish","type":"page","link":"https:\/\/nexconn.com.br\/en\/institucional\/","title":{"rendered":"Institucional"},"content":{"rendered":"<div data-elementor-type=\"wp-page\" data-elementor-id=\"508\" class=\"elementor elementor-508\" data-elementor-settings=\"{&quot;ha_cmc_init_switcher&quot;:&quot;no&quot;}\" data-elementor-post-type=\"page\">\n\t\t\t\t\t\t<section class=\"elementor-section elementor-top-section elementor-element elementor-element-0605235 elementor-section-boxed elementor-section-height-default elementor-section-height-default\" data-id=\"0605235\" data-element_type=\"section\" id=\"sobre\" data-settings=\"{&quot;background_background&quot;:&quot;classic&quot;,&quot;_ha_eqh_enable&quot;:false}\">\n\t\t\t\t\t\t<div class=\"elementor-container elementor-column-gap-default\">\n\t\t\t\t\t<div class=\"elementor-column elementor-col-100 elementor-top-column elementor-element elementor-element-8b61e43\" data-id=\"8b61e43\" data-element_type=\"column\">\n\t\t\t<div class=\"elementor-widget-wrap elementor-element-populated\">\n\t\t\t\t\t\t<section class=\"elementor-section elementor-inner-section elementor-element elementor-element-e5e297b elementor-section-boxed elementor-section-height-default elementor-section-height-default\" data-id=\"e5e297b\" data-element_type=\"section\" data-settings=\"{&quot;background_background&quot;:&quot;classic&quot;,&quot;_ha_eqh_enable&quot;:false}\">\n\t\t\t\t\t\t<div class=\"elementor-container elementor-column-gap-default\">\n\t\t\t\t\t<div class=\"elementor-column elementor-col-50 elementor-inner-column elementor-element elementor-element-e41e64f\" data-id=\"e41e64f\" data-element_type=\"column\">\n\t\t\t<div class=\"elementor-widget-wrap elementor-element-populated\">\n\t\t\t\t\t\t<div class=\"elementor-element elementor-element-c1245db elementor-widget elementor-widget-heading\" data-id=\"c1245db\" data-element_type=\"widget\" data-widget_type=\"heading.default\">\n\t\t\t\t<div class=\"elementor-widget-container\">\n\t\t\t\t\t<h2 class=\"elementor-heading-title elementor-size-default\">agility,<br>\nefficiency,<br>\nflexibility,<br>\nintelligence,<br>\nsecurity and<br>\nhigh technology<\/h2>\t\t\t\t<\/div>\n\t\t\t\t<\/div>\n\t\t\t\t\t<\/div>\n\t\t<\/div>\n\t\t\t\t<div class=\"elementor-column elementor-col-50 elementor-inner-column elementor-element elementor-element-af9fabc\" data-id=\"af9fabc\" data-element_type=\"column\">\n\t\t\t<div class=\"elementor-widget-wrap elementor-element-populated\">\n\t\t\t\t\t\t<div class=\"elementor-element elementor-element-579d972 elementor-widget elementor-widget-image\" data-id=\"579d972\" data-element_type=\"widget\" data-widget_type=\"image.default\">\n\t\t\t\t<div class=\"elementor-widget-container\">\n\t\t\t\t\t\t\t\t\t\t\t\t\t\t\t<img fetchpriority=\"high\" decoding=\"async\" width=\"800\" height=\"641\" src=\"https:\/\/nexconn.com.br\/wp-content\/uploads\/img-institucional-1024x820.jpg\" class=\"attachment-large size-large wp-image-2181\" alt=\"\" srcset=\"https:\/\/nexconn.com.br\/wp-content\/uploads\/img-institucional-1024x820.jpg 1024w, https:\/\/nexconn.com.br\/wp-content\/uploads\/img-institucional-300x240.jpg 300w, https:\/\/nexconn.com.br\/wp-content\/uploads\/img-institucional-768x615.jpg 768w, https:\/\/nexconn.com.br\/wp-content\/uploads\/img-institucional-1536x1230.jpg 1536w, https:\/\/nexconn.com.br\/wp-content\/uploads\/img-institucional-2048x1640.jpg 2048w\" sizes=\"(max-width: 800px) 100vw, 800px\" \/>\t\t\t\t\t\t\t\t\t\t\t\t\t\t\t<\/div>\n\t\t\t\t<\/div>\n\t\t\t\t\t<\/div>\n\t\t<\/div>\n\t\t\t\t\t<\/div>\n\t\t<\/section>\n\t\t\t\t\t<\/div>\n\t\t<\/div>\n\t\t\t\t\t<\/div>\n\t\t<\/section>\n\t\t\t\t<section class=\"elementor-section elementor-top-section elementor-element elementor-element-539b482 elementor-section-boxed elementor-section-height-default elementor-section-height-default\" data-id=\"539b482\" data-element_type=\"section\" data-settings=\"{&quot;_ha_eqh_enable&quot;:false}\">\n\t\t\t\t\t\t<div class=\"elementor-container elementor-column-gap-default\">\n\t\t\t\t\t<div class=\"elementor-column elementor-col-50 elementor-top-column elementor-element elementor-element-2337719\" data-id=\"2337719\" data-element_type=\"column\">\n\t\t\t<div class=\"elementor-widget-wrap elementor-element-populated\">\n\t\t\t\t\t\t<div class=\"elementor-element elementor-element-54e9808 elementor-widget elementor-widget-text-editor\" data-id=\"54e9808\" data-element_type=\"widget\" data-widget_type=\"text-editor.default\">\n\t\t\t\t<div class=\"elementor-widget-container\">\n\t\t\t\t\t\t\t\t\t<p>What moves us is to deliver solutions with excellence and speed, and to bring the world closer to you, we are present on all continents, in more than 90 countries and 400 individual offices, in partnership with a renowned network of agents.<\/p><p>The global performance together with the use of our own tool, which integrates information on national and international transport and customs clearance, allows your operation to be optimized at a lower cost.<\/p>\t\t\t\t\t\t\t\t<\/div>\n\t\t\t\t<\/div>\n\t\t\t\t\t<\/div>\n\t\t<\/div>\n\t\t\t\t<div class=\"elementor-column elementor-col-50 elementor-top-column elementor-element elementor-element-0a208b2\" data-id=\"0a208b2\" data-element_type=\"column\">\n\t\t\t<div class=\"elementor-widget-wrap elementor-element-populated\">\n\t\t\t\t\t\t<div class=\"elementor-element elementor-element-e0b65fa elementor-widget elementor-widget-heading\" data-id=\"e0b65fa\" data-element_type=\"widget\" data-widget_type=\"heading.default\">\n\t\t\t\t<div class=\"elementor-widget-container\">\n\t\t\t\t\t<h2 class=\"elementor-heading-title elementor-size-default\">this is a brief summary of what we offer you<\/h2>\t\t\t\t<\/div>\n\t\t\t\t<\/div>\n\t\t\t\t\t<\/div>\n\t\t<\/div>\n\t\t\t\t\t<\/div>\n\t\t<\/section>\n\t\t\t\t<section class=\"elementor-section elementor-top-section elementor-element elementor-element-1848992 elementor-section-boxed elementor-section-height-default elementor-section-height-default\" data-id=\"1848992\" data-element_type=\"section\" data-settings=\"{&quot;background_background&quot;:&quot;classic&quot;,&quot;_ha_eqh_enable&quot;:false}\">\n\t\t\t\t\t\t\t<div class=\"elementor-background-overlay\"><\/div>\n\t\t\t\t\t\t\t<div class=\"elementor-container elementor-column-gap-default\">\n\t\t\t\t\t<div class=\"elementor-column elementor-col-50 elementor-top-column elementor-element elementor-element-937b63e\" data-id=\"937b63e\" data-element_type=\"column\">\n\t\t\t<div class=\"elementor-widget-wrap elementor-element-populated\">\n\t\t\t\t\t\t<div class=\"elementor-element elementor-element-1cc8221 elementor-widget-tablet__width-auto elementor-widget elementor-widget-heading\" data-id=\"1cc8221\" data-element_type=\"widget\" data-widget_type=\"heading.default\">\n\t\t\t\t<div class=\"elementor-widget-container\">\n\t\t\t\t\t<h2 class=\"elementor-heading-title elementor-size-default\">courage to sail against the current\n<\/h2>\t\t\t\t<\/div>\n\t\t\t\t<\/div>\n\t\t\t\t<div class=\"elementor-element elementor-element-feb6bda elementor-mobile-align-left elementor-widget-tablet__width-auto elementor-widget elementor-widget-button\" data-id=\"feb6bda\" data-element_type=\"widget\" data-no-translation=\"\" data-widget_type=\"button.default\">\n\t\t\t\t<div class=\"elementor-widget-container\">\n\t\t\t\t\t<style>.elementor-element-feb6bda{display:none !important}<\/style>\t\t\t\t<\/div>\n\t\t\t\t<\/div>\n\t\t\t\t\t<\/div>\n\t\t<\/div>\n\t\t\t\t<div class=\"elementor-column elementor-col-50 elementor-top-column elementor-element elementor-element-e2acc7b\" data-id=\"e2acc7b\" data-element_type=\"column\">\n\t\t\t<div class=\"elementor-widget-wrap elementor-element-populated\">\n\t\t\t\t\t\t<div class=\"elementor-element elementor-element-1943ac7 elementor-widget elementor-widget-text-editor\" data-id=\"1943ac7\" data-element_type=\"widget\" data-widget_type=\"text-editor.default\">\n\t\t\t\t<div class=\"elementor-widget-container\">\n\t\t\t\t\t\t\t\t\t<p><span style=\"font-weight: 400;\">We are also committed to other responsibilities to deliver excellence: continuous improvement of processes, constant training of professionals, encouraging the well-being of employees through a pleasant work environment, the respect for the requirements of the Quality Management System (QMS), the good structuring of a quality policy and the use of high technology, with attention to data security.<\/span><\/p><p><span style=\"font-weight: 400;\">Less bureaucracy, more attitude. Our lean and highly specialized team will make your entire process faster and more efficient, without the need for so many exhausting steps to continue your transport. We have the courage to sail against the current of the market, which says that air, sea and road transport is bureaucratic and time-consuming.<\/span><\/p>\t\t\t\t\t\t\t\t<\/div>\n\t\t\t\t<\/div>\n\t\t\t\t\t<\/div>\n\t\t<\/div>\n\t\t\t\t\t<\/div>\n\t\t<\/section>\n\t\t\t\t<section class=\"elementor-section elementor-top-section elementor-element elementor-element-94cc7b0 elementor-section-boxed elementor-section-height-default elementor-section-height-default\" data-id=\"94cc7b0\" data-element_type=\"section\" data-settings=\"{&quot;_ha_eqh_enable&quot;:false}\">\n\t\t\t\t\t\t<div class=\"elementor-container elementor-column-gap-default\">\n\t\t\t\t\t<div class=\"elementor-column elementor-col-50 elementor-top-column elementor-element elementor-element-2ec0646\" data-id=\"2ec0646\" data-element_type=\"column\">\n\t\t\t<div class=\"elementor-widget-wrap elementor-element-populated\">\n\t\t\t\t\t\t<div class=\"elementor-element elementor-element-649286c elementor-widget elementor-widget-heading\" data-id=\"649286c\" data-element_type=\"widget\" data-widget_type=\"heading.default\">\n\t\t\t\t<div class=\"elementor-widget-container\">\n\t\t\t\t\t<h2 class=\"elementor-heading-title elementor-size-default\">we are all connected<\/h2>\t\t\t\t<\/div>\n\t\t\t\t<\/div>\n\t\t\t\t<div class=\"elementor-element elementor-element-7ef6e00 elementor-widget elementor-widget-text-editor\" data-id=\"7ef6e00\" data-element_type=\"widget\" data-widget_type=\"text-editor.default\">\n\t\t\t\t<div class=\"elementor-widget-container\">\n\t\t\t\t\t\t\t\t\t<p><span style=\"font-weight: 400;\">Charities are very important to society, but they need financial support to save lives. We know that everything is connected and that we need each other to overcome each challenge, that\u2019s why we contribute monthly to the GRAACC (Support Group for Adolescents and Children with Cancer) and with Centro Infantil Boldrini, two organizations that are so important for the health of Brazilian children, youth and families.<\/span><\/p>\t\t\t\t\t\t\t\t<\/div>\n\t\t\t\t<\/div>\n\t\t\t\t\t<\/div>\n\t\t<\/div>\n\t\t\t\t<div class=\"elementor-column elementor-col-50 elementor-top-column elementor-element elementor-element-ae4a8a1\" data-id=\"ae4a8a1\" data-element_type=\"column\">\n\t\t\t<div class=\"elementor-widget-wrap elementor-element-populated\">\n\t\t\t\t\t\t<div class=\"elementor-element elementor-element-ffef660 elementor-widget elementor-widget-image\" data-id=\"ffef660\" data-element_type=\"widget\" data-widget_type=\"image.default\">\n\t\t\t\t<div class=\"elementor-widget-container\">\n\t\t\t\t\t\t\t\t\t\t\t\t\t\t\t<img decoding=\"async\" width=\"343\" height=\"147\" src=\"https:\/\/nexconn.com.br\/wp-content\/uploads\/boldrini.png\" class=\"attachment-large size-large wp-image-2272\" alt=\"\" srcset=\"https:\/\/nexconn.com.br\/wp-content\/uploads\/boldrini.png 343w, https:\/\/nexconn.com.br\/wp-content\/uploads\/boldrini-300x129.png 300w\" sizes=\"(max-width: 343px) 100vw, 343px\" \/>\t\t\t\t\t\t\t\t\t\t\t\t\t\t\t<\/div>\n\t\t\t\t<\/div>\n\t\t\t\t<div class=\"elementor-element elementor-element-7c27f0e elementor-widget elementor-widget-image\" data-id=\"7c27f0e\" data-element_type=\"widget\" data-widget_type=\"image.default\">\n\t\t\t\t<div class=\"elementor-widget-container\">\n\t\t\t\t\t\t\t\t\t\t\t\t\t\t\t<img decoding=\"async\" width=\"300\" height=\"160\" src=\"https:\/\/nexconn.com.br\/wp-content\/uploads\/graac.png\" class=\"attachment-large size-large wp-image-643\" alt=\"\" \/>\t\t\t\t\t\t\t\t\t\t\t\t\t\t\t<\/div>\n\t\t\t\t<\/div>\n\t\t\t\t\t<\/div>\n\t\t<\/div>\n\t\t\t\t\t<\/div>\n\t\t<\/section>\n\t\t\t\t<\/div>","protected":false},"excerpt":{"rendered":"<p>agilidade, efici\u00eancia, flexibilidade, intelig\u00eancia, seguran\u00e7a e alta tecnologia O que nos move \u00e9 entregar solu\u00e7\u00f5es com excel\u00eancia e rapidez e, para deixar o mundo mais perto de voc\u00ea, estamos presentes em todos os continentes em mais de 90 pa\u00edses e 400 escrit\u00f3rios individuais, em parceria com uma conceituada rede de agentes. A atua\u00e7\u00e3o global junto [&hellip;]<\/p>","protected":false},"author":4,"featured_media":2199,"parent":0,"menu_order":0,"comment_status":"closed","ping_status":"closed","template":"elementor_theme","meta":{"_acf_changed":false,"footnotes":""},"class_list":["post-508","page","type-page","status-publish","has-post-thumbnail","hentry"],"acf":[],"yoast_head":"<!-- This site is optimized with the Yoast SEO plugin v27.2 - https:\/\/yoast.com\/product\/yoast-seo-wordpress\/ -->\n<title>Institucional - Nexconn Log\u00edstica<\/title>\n<meta name=\"robots\" content=\"index, follow, max-snippet:-1, max-image-preview:large, max-video-preview:-1\" \/>\n<link rel=\"canonical\" href=\"https:\/\/nexconn.com.br\/en\/institucional\/\" \/>\n<meta property=\"og:locale\" content=\"en_US\" \/>\n<meta property=\"og:type\" content=\"article\" \/>\n<meta property=\"og:title\" content=\"Institucional - Nexconn Log\u00edstica\" \/>\n<meta property=\"og:description\" content=\"agilidade, efici\u00eancia, flexibilidade, intelig\u00eancia, seguran\u00e7a e alta tecnologia O que nos move \u00e9 entregar solu\u00e7\u00f5es com excel\u00eancia e rapidez e, para deixar o mundo mais perto de voc\u00ea, estamos presentes em todos os continentes em mais de 90 pa\u00edses e 400 escrit\u00f3rios individuais, em parceria com uma conceituada rede de agentes. A atua\u00e7\u00e3o global junto [&hellip;]\" \/>\n<meta property=\"og:url\" content=\"https:\/\/nexconn.com.br\/en\/institucional\/\" \/>\n<meta property=\"og:site_name\" content=\"Nexconn Log\u00edstica\" \/>\n<meta property=\"article:publisher\" content=\"https:\/\/facebook.com\/nexconn.br\" \/>\n<meta property=\"article:modified_time\" content=\"2021-08-06T19:40:48+00:00\" \/>\n<meta property=\"og:image\" content=\"https:\/\/nexconn.com.br\/wp-content\/uploads\/banner-institucional.jpg\" \/>\n\t<meta property=\"og:image:width\" content=\"1920\" \/>\n\t<meta property=\"og:image:height\" content=\"1080\" \/>\n\t<meta property=\"og:image:type\" content=\"image\/jpeg\" \/>\n<meta name=\"twitter:card\" content=\"summary_large_image\" \/>\n<meta name=\"twitter:label1\" content=\"Est. reading time\" \/>\n\t<meta name=\"twitter:data1\" content=\"2 minutes\" \/>\n<script type=\"application\/ld+json\" class=\"yoast-schema-graph\">{\"@context\":\"https:\/\/schema.org\",\"@graph\":[{\"@type\":\"WebPage\",\"@id\":\"https:\/\/nexconn.com.br\/institucional\/\",\"url\":\"https:\/\/nexconn.com.br\/institucional\/\",\"name\":\"Institucional - Nexconn Log\u00edstica\",\"isPartOf\":{\"@id\":\"https:\/\/nexconn.com.br\/#website\"},\"primaryImageOfPage\":{\"@id\":\"https:\/\/nexconn.com.br\/institucional\/#primaryimage\"},\"image\":{\"@id\":\"https:\/\/nexconn.com.br\/institucional\/#primaryimage\"},\"thumbnailUrl\":\"https:\/\/nexconn.com.br\/wp-content\/uploads\/banner-institucional.jpg\",\"datePublished\":\"2021-03-30T19:52:48+00:00\",\"dateModified\":\"2021-08-06T19:40:48+00:00\",\"breadcrumb\":{\"@id\":\"https:\/\/nexconn.com.br\/institucional\/#breadcrumb\"},\"inLanguage\":\"en-US\",\"potentialAction\":[{\"@type\":\"ReadAction\",\"target\":[\"https:\/\/nexconn.com.br\/institucional\/\"]}]},{\"@type\":\"ImageObject\",\"inLanguage\":\"en-US\",\"@id\":\"https:\/\/nexconn.com.br\/institucional\/#primaryimage\",\"url\":\"https:\/\/nexconn.com.br\/wp-content\/uploads\/banner-institucional.jpg\",\"contentUrl\":\"https:\/\/nexconn.com.br\/wp-content\/uploads\/banner-institucional.jpg\",\"width\":1920,\"height\":1080},{\"@type\":\"BreadcrumbList\",\"@id\":\"https:\/\/nexconn.com.br\/institucional\/#breadcrumb\",\"itemListElement\":[{\"@type\":\"ListItem\",\"position\":1,\"name\":\"Home\",\"item\":\"https:\/\/nexconn.com.br\/\"},{\"@type\":\"ListItem\",\"position\":2,\"name\":\"Institucional\"}]},{\"@type\":\"WebSite\",\"@id\":\"https:\/\/nexconn.com.br\/#website\",\"url\":\"https:\/\/nexconn.com.br\/\",\"name\":\"Nexconn Log\u00edstica\",\"description\":\"Log\u00edstica Inteligente\",\"publisher\":{\"@id\":\"https:\/\/nexconn.com.br\/#organization\"},\"potentialAction\":[{\"@type\":\"SearchAction\",\"target\":{\"@type\":\"EntryPoint\",\"urlTemplate\":\"https:\/\/nexconn.com.br\/?s={search_term_string}\"},\"query-input\":{\"@type\":\"PropertyValueSpecification\",\"valueRequired\":true,\"valueName\":\"search_term_string\"}}],\"inLanguage\":\"en-US\"},{\"@type\":\"Organization\",\"@id\":\"https:\/\/nexconn.com.br\/#organization\",\"name\":\"Nexconn Log\u00edstica\",\"url\":\"https:\/\/nexconn.com.br\/\",\"logo\":{\"@type\":\"ImageObject\",\"inLanguage\":\"en-US\",\"@id\":\"https:\/\/nexconn.com.br\/#\/schema\/logo\/image\/\",\"url\":\"https:\/\/nexconn.com.br\/wp-content\/uploads\/Image-1.png\",\"contentUrl\":\"https:\/\/nexconn.com.br\/wp-content\/uploads\/Image-1.png\",\"width\":1600,\"height\":899,\"caption\":\"Nexconn Log\u00edstica\"},\"image\":{\"@id\":\"https:\/\/nexconn.com.br\/#\/schema\/logo\/image\/\"},\"sameAs\":[\"https:\/\/facebook.com\/nexconn.br\",\"https:\/\/www.linkedin.com\/company\/nexconn-br\/\"]}]}<\/script>\n<!-- \/ Yoast SEO plugin. -->","yoast_head_json":{"title":"Institucional - Nexconn Log\u00edstica","robots":{"index":"index","follow":"follow","max-snippet":"max-snippet:-1","max-image-preview":"max-image-preview:large","max-video-preview":"max-video-preview:-1"},"canonical":"https:\/\/nexconn.com.br\/en\/institucional\/","og_locale":"en_US","og_type":"article","og_title":"Institucional - Nexconn Log\u00edstica","og_description":"agilidade, efici\u00eancia, flexibilidade, intelig\u00eancia, seguran\u00e7a e alta tecnologia O que nos move \u00e9 entregar solu\u00e7\u00f5es com excel\u00eancia e rapidez e, para deixar o mundo mais perto de voc\u00ea, estamos presentes em todos os continentes em mais de 90 pa\u00edses e 400 escrit\u00f3rios individuais, em parceria com uma conceituada rede de agentes. A atua\u00e7\u00e3o global junto [&hellip;]","og_url":"https:\/\/nexconn.com.br\/en\/institucional\/","og_site_name":"Nexconn Log\u00edstica","article_publisher":"https:\/\/facebook.com\/nexconn.br","article_modified_time":"2021-08-06T19:40:48+00:00","og_image":[{"width":1920,"height":1080,"url":"https:\/\/nexconn.com.br\/wp-content\/uploads\/banner-institucional.jpg","type":"image\/jpeg"}],"twitter_card":"summary_large_image","twitter_misc":{"Est. reading time":"2 minutes"},"schema":{"@context":"https:\/\/schema.org","@graph":[{"@type":"WebPage","@id":"https:\/\/nexconn.com.br\/institucional\/","url":"https:\/\/nexconn.com.br\/institucional\/","name":"Institucional - Nexconn Log\u00edstica","isPartOf":{"@id":"https:\/\/nexconn.com.br\/#website"},"primaryImageOfPage":{"@id":"https:\/\/nexconn.com.br\/institucional\/#primaryimage"},"image":{"@id":"https:\/\/nexconn.com.br\/institucional\/#primaryimage"},"thumbnailUrl":"https:\/\/nexconn.com.br\/wp-content\/uploads\/banner-institucional.jpg","datePublished":"2021-03-30T19:52:48+00:00","dateModified":"2021-08-06T19:40:48+00:00","breadcrumb":{"@id":"https:\/\/nexconn.com.br\/institucional\/#breadcrumb"},"inLanguage":"en-US","potentialAction":[{"@type":"ReadAction","target":["https:\/\/nexconn.com.br\/institucional\/"]}]},{"@type":"ImageObject","inLanguage":"en-US","@id":"https:\/\/nexconn.com.br\/institucional\/#primaryimage","url":"https:\/\/nexconn.com.br\/wp-content\/uploads\/banner-institucional.jpg","contentUrl":"https:\/\/nexconn.com.br\/wp-content\/uploads\/banner-institucional.jpg","width":1920,"height":1080},{"@type":"BreadcrumbList","@id":"https:\/\/nexconn.com.br\/institucional\/#breadcrumb","itemListElement":[{"@type":"ListItem","position":1,"name":"Home","item":"https:\/\/nexconn.com.br\/"},{"@type":"ListItem","position":2,"name":"Institucional"}]},{"@type":"WebSite","@id":"https:\/\/nexconn.com.br\/#website","url":"https:\/\/nexconn.com.br\/","name":"Nexconn Log\u00edstica","description":"Log\u00edstica Inteligente","publisher":{"@id":"https:\/\/nexconn.com.br\/#organization"},"potentialAction":[{"@type":"SearchAction","target":{"@type":"EntryPoint","urlTemplate":"https:\/\/nexconn.com.br\/?s={search_term_string}"},"query-input":{"@type":"PropertyValueSpecification","valueRequired":true,"valueName":"search_term_string"}}],"inLanguage":"en-US"},{"@type":"Organization","@id":"https:\/\/nexconn.com.br\/#organization","name":"Nexconn Log\u00edstica","url":"https:\/\/nexconn.com.br\/","logo":{"@type":"ImageObject","inLanguage":"en-US","@id":"https:\/\/nexconn.com.br\/#\/schema\/logo\/image\/","url":"https:\/\/nexconn.com.br\/wp-content\/uploads\/Image-1.png","contentUrl":"https:\/\/nexconn.com.br\/wp-content\/uploads\/Image-1.png","width":1600,"height":899,"caption":"Nexconn Log\u00edstica"},"image":{"@id":"https:\/\/nexconn.com.br\/#\/schema\/logo\/image\/"},"sameAs":["https:\/\/facebook.com\/nexconn.br","https:\/\/www.linkedin.com\/company\/nexconn-br\/"]}]}},"_links":{"self":[{"href":"https:\/\/nexconn.com.br\/en\/wp-json\/wp\/v2\/pages\/508","targetHints":{"allow":["GET"]}}],"collection":[{"href":"https:\/\/nexconn.com.br\/en\/wp-json\/wp\/v2\/pages"}],"about":[{"href":"https:\/\/nexconn.com.br\/en\/wp-json\/wp\/v2\/types\/page"}],"author":[{"embeddable":true,"href":"https:\/\/nexconn.com.br\/en\/wp-json\/wp\/v2\/users\/4"}],"replies":[{"embeddable":true,"href":"https:\/\/nexconn.com.br\/en\/wp-json\/wp\/v2\/comments?post=508"}],"version-history":[{"count":0,"href":"https:\/\/nexconn.com.br\/en\/wp-json\/wp\/v2\/pages\/508\/revisions"}],"wp:featuredmedia":[{"embeddable":true,"href":"https:\/\/nexconn.com.br\/en\/wp-json\/wp\/v2\/media\/2199"}],"wp:attachment":[{"href":"https:\/\/nexconn.com.br\/en\/wp-json\/wp\/v2\/media?parent=508"}],"curies":[{"name":"wp","href":"https:\/\/api.w.org\/{rel}","templated":true}]}}