{"id":359,"date":"2021-03-29T15:55:34","date_gmt":"2021-03-29T18:55:34","guid":{"rendered":"https:\/\/nexconn.com.br\/?page_id=359"},"modified":"2021-09-30T16:40:55","modified_gmt":"2021-09-30T19:40:55","slug":"rotas","status":"publish","type":"page","link":"https:\/\/nexconn.com.br\/en\/rotas\/","title":{"rendered":"Rotas"},"content":{"rendered":"<div data-elementor-type=\"wp-page\" data-elementor-id=\"359\" class=\"elementor elementor-359\" data-elementor-settings=\"{&quot;ha_cmc_init_switcher&quot;:&quot;no&quot;}\" data-elementor-post-type=\"page\">\n\t\t\t\t\t\t<section class=\"elementor-section elementor-top-section elementor-element elementor-element-149febb elementor-section-boxed elementor-section-height-default elementor-section-height-default\" data-id=\"149febb\" data-element_type=\"section\" data-settings=\"{&quot;background_background&quot;:&quot;classic&quot;,&quot;_ha_eqh_enable&quot;:false}\">\n\t\t\t\t\t\t<div class=\"elementor-container elementor-column-gap-default\">\n\t\t\t\t\t<div class=\"elementor-column elementor-col-50 elementor-top-column elementor-element elementor-element-d033b2a\" data-id=\"d033b2a\" data-element_type=\"column\">\n\t\t\t<div class=\"elementor-widget-wrap elementor-element-populated\">\n\t\t\t\t\t\t<div class=\"elementor-element elementor-element-44eea521 elementor-widget elementor-widget-heading\" data-id=\"44eea521\" data-element_type=\"widget\" data-widget_type=\"heading.default\">\n\t\t\t\t<div class=\"elementor-widget-container\">\n\t\t\t\t\t<h2 class=\"elementor-heading-title elementor-size-default\">venha conosco nesta viagem<\/h2>\t\t\t\t<\/div>\n\t\t\t\t<\/div>\n\t\t\t\t\t<\/div>\n\t\t<\/div>\n\t\t\t\t<div class=\"elementor-column elementor-col-50 elementor-top-column elementor-element elementor-element-c4c7560\" data-id=\"c4c7560\" data-element_type=\"column\">\n\t\t\t<div class=\"elementor-widget-wrap elementor-element-populated\">\n\t\t\t\t\t\t<div class=\"elementor-element elementor-element-3d748e7 elementor-widget elementor-widget-text-editor\" data-id=\"3d748e7\" data-element_type=\"widget\" data-widget_type=\"text-editor.default\">\n\t\t\t\t<div class=\"elementor-widget-container\">\n\t\t\t\t\t\t\t\t\t<p><span style=\"font-weight: 400;\">Preencha o formul\u00e1rio abaixo, receba nossos comunicados por e-mail e acompanhe nossas rotas. Levamos a sua confian\u00e7a e os seus dados muito a s\u00e9rio, ent\u00e3o, pode ter certeza: n\u00e3o enviaremos nada de spam.<\/span><\/p>\t\t\t\t\t\t\t\t<\/div>\n\t\t\t\t<\/div>\n\t\t\t\t\t<\/div>\n\t\t<\/div>\n\t\t\t\t\t<\/div>\n\t\t<\/section>\n\t\t\t\t<section class=\"elementor-section elementor-top-section elementor-element elementor-element-70b42107 elementor-section-boxed elementor-section-height-default elementor-section-height-default\" data-id=\"70b42107\" data-element_type=\"section\" data-settings=\"{&quot;background_background&quot;:&quot;classic&quot;,&quot;_ha_eqh_enable&quot;:false}\">\n\t\t\t\t\t\t<div class=\"elementor-container elementor-column-gap-default\">\n\t\t\t\t\t<div class=\"elementor-column elementor-col-100 elementor-top-column elementor-element elementor-element-47812f49\" data-id=\"47812f49\" data-element_type=\"column\">\n\t\t\t<div class=\"elementor-widget-wrap elementor-element-populated\">\n\t\t\t\t\t\t<div class=\"elementor-element elementor-element-57665459 elementor-widget elementor-widget-heading\" data-id=\"57665459\" data-element_type=\"widget\" data-widget_type=\"heading.default\">\n\t\t\t\t<div class=\"elementor-widget-container\">\n\t\t\t\t\t<h2 class=\"elementor-heading-title elementor-size-default\">receive our communications<\/h2>\t\t\t\t<\/div>\n\t\t\t\t<\/div>\n\t\t\t\t<div class=\"elementor-element elementor-element-23146706 elementor-tablet-button-align-stretch elementor-button-align-stretch elementor-widget elementor-widget-form\" data-id=\"23146706\" data-element_type=\"widget\" data-settings=\"{&quot;button_width&quot;:&quot;33&quot;,&quot;step_next_label&quot;:&quot;Next&quot;,&quot;step_previous_label&quot;:&quot;Previous&quot;,&quot;button_width_tablet&quot;:&quot;50&quot;,&quot;step_type&quot;:&quot;number_text&quot;,&quot;step_icon_shape&quot;:&quot;circle&quot;}\" data-widget_type=\"form.default\">\n\t\t\t\t<div class=\"elementor-widget-container\">\n\t\t\t\t\t\t\t<form class=\"elementor-form\" method=\"post\" name=\"Comunicados\" action=\"\">\n\t\t\t<input type=\"hidden\" name=\"post_id\" value=\"359\"\/>\n\t\t\t<input type=\"hidden\" name=\"form_id\" value=\"23146706\"\/>\n\t\t\t<input type=\"hidden\" name=\"referer_title\" value=\"Nexconn Log\u00edstica\" \/>\n\n\t\t\t\n\t\t\t<div class=\"elementor-form-fields-wrapper elementor-labels-\">\n\t\t\t\t\t\t\t\t<div class=\"elementor-field-type-text elementor-field-group elementor-column elementor-field-group-nome elementor-col-33 elementor-md-100 elementor-field-required\">\n\t\t\t\t\t\t\t\t\t\t\t\t<label for=\"form-field-nome\" class=\"elementor-field-label elementor-screen-only\">\n\t\t\t\t\t\t\t\tNome\t\t\t\t\t\t\t<\/label>\n\t\t\t\t\t\t\t\t\t\t\t\t\t\t<input size=\"1\" type=\"text\" name=\"form_fields[nome]\" id=\"form-field-nome\" class=\"elementor-field elementor-size-sm  elementor-field-textual\" placeholder=\"Nome\" required=\"required\">\n\t\t\t\t\t\t\t\t\t\t\t<\/div>\n\t\t\t\t\t\t\t\t<div class=\"elementor-field-type-email elementor-field-group elementor-column elementor-field-group-email elementor-col-33 elementor-md-50 elementor-field-required\">\n\t\t\t\t\t\t\t\t\t\t\t\t<label for=\"form-field-email\" class=\"elementor-field-label elementor-screen-only\">\n\t\t\t\t\t\t\t\tE-mail\t\t\t\t\t\t\t<\/label>\n\t\t\t\t\t\t\t\t\t\t\t\t\t\t<input size=\"1\" type=\"email\" name=\"form_fields[email]\" id=\"form-field-email\" class=\"elementor-field elementor-size-sm  elementor-field-textual\" placeholder=\"E-mail\" required=\"required\">\n\t\t\t\t\t\t\t\t\t\t\t<\/div>\n\t\t\t\t\t\t\t\t<div class=\"elementor-field-type-acceptance elementor-field-group elementor-column elementor-field-group-field_0d8da2d elementor-col-100 elementor-field-required\">\n\t\t\t\t\t\t\t\t\t\t\t\t<label for=\"form-field-field_0d8da2d\" class=\"elementor-field-label elementor-screen-only\">\n\t\t\t\t\t\t\t\tPrivacidade\t\t\t\t\t\t\t<\/label>\n\t\t\t\t\t\t\t\t<div class=\"elementor-field-subgroup\">\n\t\t\t<span class=\"elementor-field-option\">\n\t\t\t\t<input type=\"checkbox\" name=\"form_fields[field_0d8da2d]\" id=\"form-field-field_0d8da2d\" class=\"elementor-field elementor-size-sm  elementor-acceptance-field\" required=\"required\" checked=\"checked\">\n\t\t\t\t<label for=\"form-field-field_0d8da2d\">Li e aceito os <a href=\"\/en\/politica-de-privacidade\/\" terget=\"_blank\">Termos de uso e Pol\u00edtica de privacidade<\/a>.<\/label>\t\t\t<\/span>\n\t\t<\/div>\n\t\t\t\t\t\t<\/div>\n\t\t\t\t\t\t\t\t<div class=\"elementor-field-type-checkbox elementor-field-group elementor-column elementor-field-group-checkbox elementor-col-100\">\n\t\t\t\t\t\t\t\t\t\t\t\t<label for=\"form-field-checkbox\" class=\"elementor-field-label elementor-screen-only\">\n\t\t\t\t\t\t\t\tComunicados\t\t\t\t\t\t\t<\/label>\n\t\t\t\t\t\t<div class=\"elementor-field-subgroup\"><span class=\"elementor-field-option\"><input type=\"checkbox\" value=\"Aceito receber comunicados peri\u00f3dicos sobre servi\u00e7os e rotas da Nexconn Log\u00edstica Inteligente atrav\u00e9s do e-mail e telefone descritos acima.\" id=\"form-field-checkbox-0\" name=\"form_fields[checkbox]\"> <label for=\"form-field-checkbox-0\">Aceito receber comunicados peri\u00f3dicos sobre servi\u00e7os e rotas da Nexconn Log\u00edstica Inteligente atrav\u00e9s do e-mail e telefone descritos acima.<\/label><\/span><\/div>\t\t\t\t<\/div>\n\t\t\t\t\t\t\t\t<div class=\"elementor-field-group elementor-column elementor-field-type-submit elementor-col-33 e-form__buttons elementor-md-50\">\n\t\t\t\t\t<button class=\"elementor-button elementor-size-md\" type=\"submit\">\n\t\t\t\t\t\t<span class=\"elementor-button-content-wrapper\">\n\t\t\t\t\t\t\t\t\t\t\t\t\t\t\t\t\t\t\t\t\t\t<span class=\"elementor-button-text\">Quero me cadastrar<\/span>\n\t\t\t\t\t\t\t\t\t\t\t\t\t<\/span>\n\t\t\t\t\t<\/button>\n\t\t\t\t<\/div>\n\t\t\t<\/div>\n\t\t<input type=\"hidden\" name=\"trp-form-language\" value=\"en\"\/><\/form>\n\t\t\t\t\t\t<\/div>\n\t\t\t\t<\/div>\n\t\t\t\t<div class=\"elementor-element elementor-element-436fb257 elementor-widget elementor-widget-text-editor\" data-id=\"436fb257\" data-element_type=\"widget\" data-widget_type=\"text-editor.default\">\n\t\t\t\t<div class=\"elementor-widget-container\">\n\t\t\t\t\t\t\t\t\t<p>Services, routes and news: that\u2019s all, no spam.<\/p>\t\t\t\t\t\t\t\t<\/div>\n\t\t\t\t<\/div>\n\t\t\t\t\t<\/div>\n\t\t<\/div>\n\t\t\t\t\t<\/div>\n\t\t<\/section>\n\t\t\t\t<\/div>","protected":false},"excerpt":{"rendered":"<p>Veja mais venha conosco nesta viagem Preencha o formul\u00e1rio abaixo, receba nossos comunicados por e-mail e acompanhe nossas rotas. Levamos a sua confian\u00e7a e os seus dados muito a s\u00e9rio, ent\u00e3o, pode ter certeza: n\u00e3o enviaremos nada de spam. receba nossos comunicados Servi\u00e7os, rotas e novidades: s\u00f3 isso, nada de spam.<\/p>","protected":false},"author":4,"featured_media":2203,"parent":0,"menu_order":0,"comment_status":"closed","ping_status":"closed","template":"elementor_theme","meta":{"_acf_changed":false,"footnotes":""},"class_list":["post-359","page","type-page","status-publish","has-post-thumbnail","hentry"],"acf":[],"yoast_head":"<!-- This site is optimized with the Yoast SEO plugin v27.2 - https:\/\/yoast.com\/product\/yoast-seo-wordpress\/ -->\n<title>Rotas - Nexconn Log\u00edstica<\/title>\n<meta name=\"robots\" content=\"index, follow, max-snippet:-1, max-image-preview:large, max-video-preview:-1\" \/>\n<link rel=\"canonical\" href=\"https:\/\/nexconn.com.br\/en\/rotas\/\" \/>\n<meta property=\"og:locale\" content=\"en_US\" \/>\n<meta property=\"og:type\" content=\"article\" \/>\n<meta property=\"og:title\" content=\"Rotas - Nexconn Log\u00edstica\" \/>\n<meta property=\"og:description\" content=\"Veja mais venha conosco nesta viagem Preencha o formul\u00e1rio abaixo, receba nossos comunicados por e-mail e acompanhe nossas rotas. Levamos a sua confian\u00e7a e os seus dados muito a s\u00e9rio, ent\u00e3o, pode ter certeza: n\u00e3o enviaremos nada de spam. receba nossos comunicados Servi\u00e7os, rotas e novidades: s\u00f3 isso, nada de spam.\" \/>\n<meta property=\"og:url\" content=\"https:\/\/nexconn.com.br\/en\/rotas\/\" \/>\n<meta property=\"og:site_name\" content=\"Nexconn Log\u00edstica\" \/>\n<meta property=\"article:publisher\" content=\"https:\/\/facebook.com\/nexconn.br\" \/>\n<meta property=\"article:modified_time\" content=\"2021-09-30T19:40:55+00:00\" \/>\n<meta property=\"og:image\" content=\"https:\/\/nexconn.com.br\/wp-content\/uploads\/banner-rotas.jpg\" \/>\n\t<meta property=\"og:image:width\" content=\"1920\" \/>\n\t<meta property=\"og:image:height\" content=\"1080\" \/>\n\t<meta property=\"og:image:type\" content=\"image\/jpeg\" \/>\n<meta name=\"twitter:card\" content=\"summary_large_image\" \/>\n<script type=\"application\/ld+json\" class=\"yoast-schema-graph\">{\"@context\":\"https:\/\/schema.org\",\"@graph\":[{\"@type\":\"WebPage\",\"@id\":\"https:\/\/nexconn.com.br\/rotas\/\",\"url\":\"https:\/\/nexconn.com.br\/rotas\/\",\"name\":\"Rotas - Nexconn Log\u00edstica\",\"isPartOf\":{\"@id\":\"https:\/\/nexconn.com.br\/#website\"},\"primaryImageOfPage\":{\"@id\":\"https:\/\/nexconn.com.br\/rotas\/#primaryimage\"},\"image\":{\"@id\":\"https:\/\/nexconn.com.br\/rotas\/#primaryimage\"},\"thumbnailUrl\":\"https:\/\/nexconn.com.br\/wp-content\/uploads\/banner-rotas.jpg\",\"datePublished\":\"2021-03-29T18:55:34+00:00\",\"dateModified\":\"2021-09-30T19:40:55+00:00\",\"breadcrumb\":{\"@id\":\"https:\/\/nexconn.com.br\/rotas\/#breadcrumb\"},\"inLanguage\":\"en-US\",\"potentialAction\":[{\"@type\":\"ReadAction\",\"target\":[\"https:\/\/nexconn.com.br\/rotas\/\"]}]},{\"@type\":\"ImageObject\",\"inLanguage\":\"en-US\",\"@id\":\"https:\/\/nexconn.com.br\/rotas\/#primaryimage\",\"url\":\"https:\/\/nexconn.com.br\/wp-content\/uploads\/banner-rotas.jpg\",\"contentUrl\":\"https:\/\/nexconn.com.br\/wp-content\/uploads\/banner-rotas.jpg\",\"width\":1920,\"height\":1080},{\"@type\":\"BreadcrumbList\",\"@id\":\"https:\/\/nexconn.com.br\/rotas\/#breadcrumb\",\"itemListElement\":[{\"@type\":\"ListItem\",\"position\":1,\"name\":\"Home\",\"item\":\"https:\/\/nexconn.com.br\/\"},{\"@type\":\"ListItem\",\"position\":2,\"name\":\"Rotas\"}]},{\"@type\":\"WebSite\",\"@id\":\"https:\/\/nexconn.com.br\/#website\",\"url\":\"https:\/\/nexconn.com.br\/\",\"name\":\"Nexconn Log\u00edstica\",\"description\":\"Log\u00edstica Inteligente\",\"publisher\":{\"@id\":\"https:\/\/nexconn.com.br\/#organization\"},\"potentialAction\":[{\"@type\":\"SearchAction\",\"target\":{\"@type\":\"EntryPoint\",\"urlTemplate\":\"https:\/\/nexconn.com.br\/?s={search_term_string}\"},\"query-input\":{\"@type\":\"PropertyValueSpecification\",\"valueRequired\":true,\"valueName\":\"search_term_string\"}}],\"inLanguage\":\"en-US\"},{\"@type\":\"Organization\",\"@id\":\"https:\/\/nexconn.com.br\/#organization\",\"name\":\"Nexconn Log\u00edstica\",\"url\":\"https:\/\/nexconn.com.br\/\",\"logo\":{\"@type\":\"ImageObject\",\"inLanguage\":\"en-US\",\"@id\":\"https:\/\/nexconn.com.br\/#\/schema\/logo\/image\/\",\"url\":\"https:\/\/nexconn.com.br\/wp-content\/uploads\/Image-1.png\",\"contentUrl\":\"https:\/\/nexconn.com.br\/wp-content\/uploads\/Image-1.png\",\"width\":1600,\"height\":899,\"caption\":\"Nexconn Log\u00edstica\"},\"image\":{\"@id\":\"https:\/\/nexconn.com.br\/#\/schema\/logo\/image\/\"},\"sameAs\":[\"https:\/\/facebook.com\/nexconn.br\",\"https:\/\/www.linkedin.com\/company\/nexconn-br\/\"]}]}<\/script>\n<!-- \/ Yoast SEO plugin. -->","yoast_head_json":{"title":"Rotas - Nexconn Log\u00edstica","robots":{"index":"index","follow":"follow","max-snippet":"max-snippet:-1","max-image-preview":"max-image-preview:large","max-video-preview":"max-video-preview:-1"},"canonical":"https:\/\/nexconn.com.br\/en\/rotas\/","og_locale":"en_US","og_type":"article","og_title":"Rotas - Nexconn Log\u00edstica","og_description":"Veja mais venha conosco nesta viagem Preencha o formul\u00e1rio abaixo, receba nossos comunicados por e-mail e acompanhe nossas rotas. Levamos a sua confian\u00e7a e os seus dados muito a s\u00e9rio, ent\u00e3o, pode ter certeza: n\u00e3o enviaremos nada de spam. receba nossos comunicados Servi\u00e7os, rotas e novidades: s\u00f3 isso, nada de spam.","og_url":"https:\/\/nexconn.com.br\/en\/rotas\/","og_site_name":"Nexconn Log\u00edstica","article_publisher":"https:\/\/facebook.com\/nexconn.br","article_modified_time":"2021-09-30T19:40:55+00:00","og_image":[{"width":1920,"height":1080,"url":"https:\/\/nexconn.com.br\/wp-content\/uploads\/banner-rotas.jpg","type":"image\/jpeg"}],"twitter_card":"summary_large_image","schema":{"@context":"https:\/\/schema.org","@graph":[{"@type":"WebPage","@id":"https:\/\/nexconn.com.br\/rotas\/","url":"https:\/\/nexconn.com.br\/rotas\/","name":"Rotas - Nexconn Log\u00edstica","isPartOf":{"@id":"https:\/\/nexconn.com.br\/#website"},"primaryImageOfPage":{"@id":"https:\/\/nexconn.com.br\/rotas\/#primaryimage"},"image":{"@id":"https:\/\/nexconn.com.br\/rotas\/#primaryimage"},"thumbnailUrl":"https:\/\/nexconn.com.br\/wp-content\/uploads\/banner-rotas.jpg","datePublished":"2021-03-29T18:55:34+00:00","dateModified":"2021-09-30T19:40:55+00:00","breadcrumb":{"@id":"https:\/\/nexconn.com.br\/rotas\/#breadcrumb"},"inLanguage":"en-US","potentialAction":[{"@type":"ReadAction","target":["https:\/\/nexconn.com.br\/rotas\/"]}]},{"@type":"ImageObject","inLanguage":"en-US","@id":"https:\/\/nexconn.com.br\/rotas\/#primaryimage","url":"https:\/\/nexconn.com.br\/wp-content\/uploads\/banner-rotas.jpg","contentUrl":"https:\/\/nexconn.com.br\/wp-content\/uploads\/banner-rotas.jpg","width":1920,"height":1080},{"@type":"BreadcrumbList","@id":"https:\/\/nexconn.com.br\/rotas\/#breadcrumb","itemListElement":[{"@type":"ListItem","position":1,"name":"Home","item":"https:\/\/nexconn.com.br\/"},{"@type":"ListItem","position":2,"name":"Rotas"}]},{"@type":"WebSite","@id":"https:\/\/nexconn.com.br\/#website","url":"https:\/\/nexconn.com.br\/","name":"Nexconn Log\u00edstica","description":"Log\u00edstica Inteligente","publisher":{"@id":"https:\/\/nexconn.com.br\/#organization"},"potentialAction":[{"@type":"SearchAction","target":{"@type":"EntryPoint","urlTemplate":"https:\/\/nexconn.com.br\/?s={search_term_string}"},"query-input":{"@type":"PropertyValueSpecification","valueRequired":true,"valueName":"search_term_string"}}],"inLanguage":"en-US"},{"@type":"Organization","@id":"https:\/\/nexconn.com.br\/#organization","name":"Nexconn Log\u00edstica","url":"https:\/\/nexconn.com.br\/","logo":{"@type":"ImageObject","inLanguage":"en-US","@id":"https:\/\/nexconn.com.br\/#\/schema\/logo\/image\/","url":"https:\/\/nexconn.com.br\/wp-content\/uploads\/Image-1.png","contentUrl":"https:\/\/nexconn.com.br\/wp-content\/uploads\/Image-1.png","width":1600,"height":899,"caption":"Nexconn Log\u00edstica"},"image":{"@id":"https:\/\/nexconn.com.br\/#\/schema\/logo\/image\/"},"sameAs":["https:\/\/facebook.com\/nexconn.br","https:\/\/www.linkedin.com\/company\/nexconn-br\/"]}]}},"_links":{"self":[{"href":"https:\/\/nexconn.com.br\/en\/wp-json\/wp\/v2\/pages\/359","targetHints":{"allow":["GET"]}}],"collection":[{"href":"https:\/\/nexconn.com.br\/en\/wp-json\/wp\/v2\/pages"}],"about":[{"href":"https:\/\/nexconn.com.br\/en\/wp-json\/wp\/v2\/types\/page"}],"author":[{"embeddable":true,"href":"https:\/\/nexconn.com.br\/en\/wp-json\/wp\/v2\/users\/4"}],"replies":[{"embeddable":true,"href":"https:\/\/nexconn.com.br\/en\/wp-json\/wp\/v2\/comments?post=359"}],"version-history":[{"count":0,"href":"https:\/\/nexconn.com.br\/en\/wp-json\/wp\/v2\/pages\/359\/revisions"}],"wp:featuredmedia":[{"embeddable":true,"href":"https:\/\/nexconn.com.br\/en\/wp-json\/wp\/v2\/media\/2203"}],"wp:attachment":[{"href":"https:\/\/nexconn.com.br\/en\/wp-json\/wp\/v2\/media?parent=359"}],"curies":[{"name":"wp","href":"https:\/\/api.w.org\/{rel}","templated":true}]}}